{"id":3561,"date":"2023-07-17T23:18:04","date_gmt":"2023-07-17T23:18:04","guid":{"rendered":"https:\/\/shop.gamemovs.com\/?post_type=product&#038;p=3561"},"modified":"2023-07-17T23:18:04","modified_gmt":"2023-07-17T23:18:04","slug":"samsung-galaxy-s10-128gb-8ram","status":"publish","type":"product","link":"https:\/\/shop.gamemovs.com\/index.php\/product\/samsung-galaxy-s10-128gb-8ram\/","title":{"rendered":"Samsung Galaxy S10 128gb\/8Ram"},"content":{"rendered":"<table class=\"tabla-datos\">\n<tbody>\n<tr>\n<th>DIMENSIONES Y PESO<\/th>\n<td>149,9 x 70,4 x 7,8 mm, 157 gramos<\/td>\n<td><\/td>\n<\/tr>\n<tr>\n<th>PANTALLA<\/th>\n<td>Curva, 6,1&#8243; Dynamic AMOLED WQHD+ 19:9<\/td>\n<td><\/td>\n<\/tr>\n<tr>\n<th><\/th>\n<td><\/td>\n<td><\/td>\n<\/tr>\n<tr>\n<th>RAM<\/th>\n<td>8 GB<\/td>\n<td><\/td>\n<\/tr>\n<tr>\n<th>ALMACENAMIENTO<\/th>\n<td>128 \/ 512 GB (hasta 512 GB con microSD)<\/td>\n<td><\/td>\n<\/tr>\n<tr>\n<th>SISTEMA OPERATIVO<\/th>\n<td><\/td>\n<td><\/td>\n<\/tr>\n<tr>\n<th>C\u00c1MARAS TRASERAS<\/th>\n<td>16 MP ultra gran angular f\/2.2 FF +<br \/>\nDual Pixel 12 MP OIS gran angular f\/1.5- 2.4 AF +<br \/>\n12 MP OIS tele f\/2,4 AF<\/td>\n<td><\/td>\n<\/tr>\n<tr>\n<th>C\u00c1MARAS FRONTALES<\/th>\n<td>Dual Pixel 10 MP AF f\/1.9<\/td>\n<td><\/td>\n<\/tr>\n<tr>\n<th>BATER\u00cdA<\/th>\n<td>3.400 mAh con carga r\u00e1pida inal\u00e1mbrica y carga inversa<\/td>\n<td><\/td>\n<\/tr>\n<tr>\n<th>SENSORES<\/th>\n<td>Aceler\u00f3metro, bar\u00f3metro, giroscopio, br\u00fajula, proximidad, RGB<\/td>\n<td><\/td>\n<\/tr>\n<tr>\n<th>SEGURIDAD<\/th>\n<td>Lector de huellas en pantalla +<br \/>\nReconocimiento facial 2D<\/td>\n<td><\/td>\n<\/tr>\n<tr>\n<th>CONECTIVIDAD<\/th>\n<td>LTE Cat. 20<\/td>\n<td><\/td>\n<\/tr>\n<\/tbody>\n<\/table>\n","protected":false},"excerpt":{"rendered":"<p>DIMENSIONES Y PESO 149,9 x 70,4 x 7,8 mm, 157 gramos PANTALLA Curva, 6,1&#8243; Dynamic AMOLED WQHD+ 19:9 RAM 8 GB ALMACENAMIENTO 128 \/ 512 GB (hasta 512 GB con microSD) SISTEMA OPERATIVO C\u00c1MARAS TRASERAS 16 MP ultra gran angular f\/2.2 FF + Dual Pixel 12 MP OIS gran angular f\/1.5- 2.4 AF + 12 [&hellip;]<\/p>\n","protected":false},"featured_media":3562,"comment_status":"open","ping_status":"closed","template":"","meta":{"content-type":""},"product_cat":[100,101],"product_tag":[],"_links":{"self":[{"href":"https:\/\/shop.gamemovs.com\/index.php\/wp-json\/wp\/v2\/product\/3561"}],"collection":[{"href":"https:\/\/shop.gamemovs.com\/index.php\/wp-json\/wp\/v2\/product"}],"about":[{"href":"https:\/\/shop.gamemovs.com\/index.php\/wp-json\/wp\/v2\/types\/product"}],"replies":[{"embeddable":true,"href":"https:\/\/shop.gamemovs.com\/index.php\/wp-json\/wp\/v2\/comments?post=3561"}],"version-history":[{"count":1,"href":"https:\/\/shop.gamemovs.com\/index.php\/wp-json\/wp\/v2\/product\/3561\/revisions"}],"predecessor-version":[{"id":3563,"href":"https:\/\/shop.gamemovs.com\/index.php\/wp-json\/wp\/v2\/product\/3561\/revisions\/3563"}],"wp:featuredmedia":[{"embeddable":true,"href":"https:\/\/shop.gamemovs.com\/index.php\/wp-json\/wp\/v2\/media\/3562"}],"wp:attachment":[{"href":"https:\/\/shop.gamemovs.com\/index.php\/wp-json\/wp\/v2\/media?parent=3561"}],"wp:term":[{"taxonomy":"product_cat","embeddable":true,"href":"https:\/\/shop.gamemovs.com\/index.php\/wp-json\/wp\/v2\/product_cat?post=3561"},{"taxonomy":"product_tag","embeddable":true,"href":"https:\/\/shop.gamemovs.com\/index.php\/wp-json\/wp\/v2\/product_tag?post=3561"}],"curies":[{"name":"wp","href":"https:\/\/api.w.org\/{rel}","templated":true}]}}