{"id":3558,"date":"2023-07-17T23:11:32","date_gmt":"2023-07-17T23:11:32","guid":{"rendered":"https:\/\/shop.gamemovs.com\/?post_type=product&#038;p=3558"},"modified":"2023-07-17T23:11:32","modified_gmt":"2023-07-17T23:11:32","slug":"samsung-galaxy-s10e-128gb-6ram","status":"publish","type":"product","link":"https:\/\/shop.gamemovs.com\/index.php\/product\/samsung-galaxy-s10e-128gb-6ram\/","title":{"rendered":"Samsung Galaxy S10e 128gb\/ 6Ram"},"content":{"rendered":"<table class=\"tabla-datos\">\n<tbody>\n<tr>\n<th>DIMENSIONES Y PESO<\/th>\n<td>142,2,x 69,9 x 7,9 mm, 150 gramos<\/td>\n<\/tr>\n<tr>\n<th>PANTALLA<\/th>\n<td>Dynamic AMOLED 5,8&#8243; plana (Flat), Full HD+, 19:9<\/td>\n<\/tr>\n<tr>\n<th>PROCESADOR<\/th>\n<td>Samsung Exynos 9820 (Octa-core, 8 nm)<\/td>\n<\/tr>\n<tr>\n<th>RAM<\/th>\n<td>6 GB<\/td>\n<\/tr>\n<tr>\n<th>ALMACENAMIENTO<\/th>\n<td>128 GB<br \/>\nAmpliable v\u00eda Micro SD con hasta 512 GB adicionales<\/td>\n<\/tr>\n<tr>\n<th>SISTEMA OPERATIVO<\/th>\n<td>Android 9 Pie<\/td>\n<\/tr>\n<tr>\n<th>C\u00c1MARAS TRASERAS<\/th>\n<td>16 MP (gran angular f\/2.2) FF, Dual Pixel 12 MP (principal) f\/1.5-f\/2.4 OIS AF<\/td>\n<\/tr>\n<tr>\n<th>C\u00c1MARA FRONTAL<\/th>\n<td>Dual Pixel 10 MP AF f\/1.9<\/td>\n<\/tr>\n<tr>\n<th>BATER\u00cdA<\/th>\n<td>3.100 mAh, Fast Wireless Charging 2.0, Wireless PowerShare<\/td>\n<\/tr>\n<tr>\n<th>SENSORES<\/th>\n<td>Aceler\u00f3metro, giroscopio, bar\u00f3metro, proximidad, br\u00fajula<\/td>\n<\/tr>\n<tr>\n<th>SEGURIDAD<\/th>\n<td>Lector de huellas capacitivo, reconocimiento facial 2D<\/td>\n<\/tr>\n<tr>\n<th>CONECTIVIDAD<\/th>\n<td>4G\/LTE Cat.20, WiFi 802.11ac, Bluetooth 5.0<\/td>\n<\/tr>\n<tr>\n<th>OTROS<\/th>\n<td>USB tipo C, GPS dual, NFC<\/td>\n<\/tr>\n<\/tbody>\n<\/table>\n","protected":false},"excerpt":{"rendered":"<p>DIMENSIONES Y PESO 142,2,x 69,9 x 7,9 mm, 150 gramos PANTALLA Dynamic AMOLED 5,8&#8243; plana (Flat), Full HD+, 19:9 PROCESADOR Samsung Exynos 9820 (Octa-core, 8 nm) RAM 6 GB ALMACENAMIENTO 128 GB Ampliable v\u00eda Micro SD con hasta 512 GB adicionales SISTEMA OPERATIVO Android 9 Pie C\u00c1MARAS TRASERAS 16 MP (gran angular f\/2.2) FF, Dual [&hellip;]<\/p>\n","protected":false},"featured_media":3559,"comment_status":"open","ping_status":"closed","template":"","meta":{"content-type":""},"product_cat":[100,101],"product_tag":[],"_links":{"self":[{"href":"https:\/\/shop.gamemovs.com\/index.php\/wp-json\/wp\/v2\/product\/3558"}],"collection":[{"href":"https:\/\/shop.gamemovs.com\/index.php\/wp-json\/wp\/v2\/product"}],"about":[{"href":"https:\/\/shop.gamemovs.com\/index.php\/wp-json\/wp\/v2\/types\/product"}],"replies":[{"embeddable":true,"href":"https:\/\/shop.gamemovs.com\/index.php\/wp-json\/wp\/v2\/comments?post=3558"}],"version-history":[{"count":1,"href":"https:\/\/shop.gamemovs.com\/index.php\/wp-json\/wp\/v2\/product\/3558\/revisions"}],"predecessor-version":[{"id":3560,"href":"https:\/\/shop.gamemovs.com\/index.php\/wp-json\/wp\/v2\/product\/3558\/revisions\/3560"}],"wp:featuredmedia":[{"embeddable":true,"href":"https:\/\/shop.gamemovs.com\/index.php\/wp-json\/wp\/v2\/media\/3559"}],"wp:attachment":[{"href":"https:\/\/shop.gamemovs.com\/index.php\/wp-json\/wp\/v2\/media?parent=3558"}],"wp:term":[{"taxonomy":"product_cat","embeddable":true,"href":"https:\/\/shop.gamemovs.com\/index.php\/wp-json\/wp\/v2\/product_cat?post=3558"},{"taxonomy":"product_tag","embeddable":true,"href":"https:\/\/shop.gamemovs.com\/index.php\/wp-json\/wp\/v2\/product_tag?post=3558"}],"curies":[{"name":"wp","href":"https:\/\/api.w.org\/{rel}","templated":true}]}}