{"id":3555,"date":"2023-07-17T23:06:33","date_gmt":"2023-07-17T23:06:33","guid":{"rendered":"https:\/\/shop.gamemovs.com\/?post_type=product&#038;p=3555"},"modified":"2023-07-17T23:06:34","modified_gmt":"2023-07-17T23:06:34","slug":"samsung-galaxy-s20-ultra-128gb-12ram","status":"publish","type":"product","link":"https:\/\/shop.gamemovs.com\/index.php\/product\/samsung-galaxy-s20-ultra-128gb-12ram\/","title":{"rendered":"Samsung Galaxy S20 Ultra 128gb\/12Ram"},"content":{"rendered":"<table class=\"tabla-datos\">\n<tbody>\n<tr>\n<th>\n<p data-mrf-recirculation=\"Article links\">PANTALLA<\/p>\n<\/th>\n<td>\n<p data-mrf-recirculation=\"Article links\">Dynamic AMOLED 6,9&#8243;<br \/>\nQHD+, 511 ppp<br \/>\nHDR10+, 120 Hz<\/p>\n<\/td>\n<\/tr>\n<tr>\n<th>\n<p data-mrf-recirculation=\"Article links\">PROCESADOR<\/p>\n<\/th>\n<td>\n<p data-mrf-recirculation=\"Article links\">Exynos 990<br \/>\n7nm, 64 bits<br \/>\nOcta-core (2,73 + 2,6 + 2 GHz)<\/p>\n<\/td>\n<\/tr>\n<tr>\n<th>\n<p data-mrf-recirculation=\"Article links\">MEMORIA RAM<\/p>\n<\/th>\n<td>\n<p data-mrf-recirculation=\"Article links\">12 \/ 16 GB LPDDR5<\/p>\n<\/td>\n<\/tr>\n<tr>\n<th>\n<p data-mrf-recirculation=\"Article links\">ALMACENAMIENTO<\/p>\n<\/th>\n<td>\n<p data-mrf-recirculation=\"Article links\">128 \/ 512 GB + MicroSD 1 TB<\/p>\n<\/td>\n<\/tr>\n<tr>\n<th>\n<p data-mrf-recirculation=\"Article links\">BATER\u00cdA<\/p>\n<\/th>\n<td>\n<p data-mrf-recirculation=\"Article links\">5.000 mAh<\/p>\n<\/td>\n<\/tr>\n<tr>\n<th>\n<p data-mrf-recirculation=\"Article links\">RESISTENCIA<\/p>\n<\/th>\n<td>\n<p data-mrf-recirculation=\"Article links\">Protecci\u00f3n IP68<\/p>\n<\/td>\n<\/tr>\n<tr>\n<th>\n<p data-mrf-recirculation=\"Article links\">BIOMETR\u00cdA<\/p>\n<\/th>\n<td>\n<p data-mrf-recirculation=\"Article links\">Sensor de huellas bajo pantalla<br \/>\nReconocimiento facial<\/p>\n<\/td>\n<\/tr>\n<tr>\n<th>\n<p data-mrf-recirculation=\"Article links\">SOFTWARE<\/p>\n<\/th>\n<td>\n<p data-mrf-recirculation=\"Article links\">Android 10 + OneUI<\/p>\n<\/td>\n<\/tr>\n<tr>\n<th>\n<p data-mrf-recirculation=\"Article links\">C\u00c1MARAS TRASERAS<\/p>\n<\/th>\n<td>\n<ul>\n<li style=\"list-style-type: none;\">\n<ul>Ultra angular: 12 MP, 1,4\u00b5m, f\/2.2<\/ul>\n<\/li>\n<\/ul>\n<ul>\n<li style=\"list-style-type: none;\">\n<ul>Angular: 108 MP, 0,8\u00b5m (12 MP, 2,4\u00b5m), f\/1.8, OIS<\/ul>\n<\/li>\n<\/ul>\n<ul>\n<li style=\"list-style-type: none;\">\n<ul>Telefoto: 48 MP, 0,8\u00b5m (12 MP, 1,6\u00b5m), f\/3.5, OIS<\/ul>\n<\/li>\n<\/ul>\n<ul>\n<li style=\"list-style-type: none;\">\n<ul>Zoom: \u00f3ptico h\u00edbrido 10x, digital 100x<\/ul>\n<\/li>\n<\/ul>\n<ul>Sensor ToF<\/ul>\n<\/td>\n<\/tr>\n<tr>\n<th>\n<p data-mrf-recirculation=\"Article links\">C\u00c1MARA FRONTAL<\/p>\n<\/th>\n<td>\n<p data-mrf-recirculation=\"Article links\">40 MP, 0,7\u00b5m (10 MP, 1,4\u00b5m), f\/2.2<\/p>\n<\/td>\n<\/tr>\n<tr>\n<th>\n<p data-mrf-recirculation=\"Article links\">DIMENSIONES Y PESO<\/p>\n<\/th>\n<td>\n<p data-mrf-recirculation=\"Article links\">166,9 x 76 x 8,8 mm<br \/>\n220 g<\/p>\n<\/td>\n<\/tr>\n<tr>\n<th>\n<p data-mrf-recirculation=\"Article links\">CONECTIVIDAD<\/p>\n<\/th>\n<td>\n<p data-mrf-recirculation=\"Article links\">5G, SA\/NSA, sub-6<br \/>\nLTE Cat20 hasta 2 Gbps<br \/>\nWiFi ac 4&#215;4 MIMO<br \/>\nNFC<\/p>\n<\/td>\n<\/tr>\n<\/tbody>\n<\/table>\n","protected":false},"excerpt":{"rendered":"<p>PANTALLA Dynamic AMOLED 6,9&#8243; QHD+, 511 ppp HDR10+, 120 Hz PROCESADOR Exynos 990 7nm, 64 bits Octa-core (2,73 + 2,6 + 2 GHz) MEMORIA RAM 12 \/ 16 GB LPDDR5 ALMACENAMIENTO 128 \/ 512 GB + MicroSD 1 TB BATER\u00cdA 5.000 mAh RESISTENCIA Protecci\u00f3n IP68 BIOMETR\u00cdA Sensor de huellas bajo pantalla Reconocimiento facial SOFTWARE Android [&hellip;]<\/p>\n","protected":false},"featured_media":3556,"comment_status":"open","ping_status":"closed","template":"","meta":{"content-type":""},"product_cat":[100,101],"product_tag":[],"_links":{"self":[{"href":"https:\/\/shop.gamemovs.com\/index.php\/wp-json\/wp\/v2\/product\/3555"}],"collection":[{"href":"https:\/\/shop.gamemovs.com\/index.php\/wp-json\/wp\/v2\/product"}],"about":[{"href":"https:\/\/shop.gamemovs.com\/index.php\/wp-json\/wp\/v2\/types\/product"}],"replies":[{"embeddable":true,"href":"https:\/\/shop.gamemovs.com\/index.php\/wp-json\/wp\/v2\/comments?post=3555"}],"version-history":[{"count":1,"href":"https:\/\/shop.gamemovs.com\/index.php\/wp-json\/wp\/v2\/product\/3555\/revisions"}],"predecessor-version":[{"id":3557,"href":"https:\/\/shop.gamemovs.com\/index.php\/wp-json\/wp\/v2\/product\/3555\/revisions\/3557"}],"wp:featuredmedia":[{"embeddable":true,"href":"https:\/\/shop.gamemovs.com\/index.php\/wp-json\/wp\/v2\/media\/3556"}],"wp:attachment":[{"href":"https:\/\/shop.gamemovs.com\/index.php\/wp-json\/wp\/v2\/media?parent=3555"}],"wp:term":[{"taxonomy":"product_cat","embeddable":true,"href":"https:\/\/shop.gamemovs.com\/index.php\/wp-json\/wp\/v2\/product_cat?post=3555"},{"taxonomy":"product_tag","embeddable":true,"href":"https:\/\/shop.gamemovs.com\/index.php\/wp-json\/wp\/v2\/product_tag?post=3555"}],"curies":[{"name":"wp","href":"https:\/\/api.w.org\/{rel}","templated":true}]}}