{"id":3546,"date":"2023-07-17T22:46:43","date_gmt":"2023-07-17T22:46:43","guid":{"rendered":"https:\/\/shop.gamemovs.com\/?post_type=product&#038;p=3546"},"modified":"2023-07-17T22:46:44","modified_gmt":"2023-07-17T22:46:44","slug":"samsung-galaxy-tab-a8-32gb-3gb","status":"publish","type":"product","link":"https:\/\/shop.gamemovs.com\/index.php\/product\/samsung-galaxy-tab-a8-32gb-3gb\/","title":{"rendered":"Samsung Galaxy Tab A8 32gb\/ 3gb"},"content":{"rendered":"<table class=\"tabla-datos\">\n<tbody>\n<tr>\n<th class=\"align-left\">\n<p data-mrf-recirculation=\"Article links\">DIMENSIONES Y PESO<\/p>\n<\/th>\n<td class=\"align-left\">\n<p data-mrf-recirculation=\"Article links\">246,8 x 161,9 x 6,9 mm<br \/>\n508 gramos<\/p>\n<\/td>\n<\/tr>\n<tr>\n<th class=\"align-left\">\n<p data-mrf-recirculation=\"Article links\">PANTALLA<\/p>\n<\/th>\n<td class=\"align-left\">\n<p data-mrf-recirculation=\"Article links\">TFT de 10,5 pulgadas<\/p>\n<p data-mrf-recirculation=\"Article links\">Resoluci\u00f3n WUXGA (1.920 x 1.200 p\u00edxeles)<\/p>\n<\/td>\n<\/tr>\n<tr>\n<th class=\"align-left\">\n<p data-mrf-recirculation=\"Article links\">PROCESADOR<\/p>\n<\/th>\n<td class=\"align-left\">\n<p data-mrf-recirculation=\"Article links\">Octa-core, 2 GHz<\/p>\n<\/td>\n<\/tr>\n<tr>\n<th class=\"align-left\">\n<p data-mrf-recirculation=\"Article links\">MEMORIA RAM<\/p>\n<\/th>\n<td class=\"align-left\">\n<p data-mrf-recirculation=\"Article links\">3\/4 GB<\/p>\n<\/td>\n<\/tr>\n<tr>\n<th class=\"align-left\">\n<p data-mrf-recirculation=\"Article links\">ALMACENAMIENTO INTERNO<\/p>\n<\/th>\n<td class=\"align-left\">\n<p data-mrf-recirculation=\"Article links\">32\/64\/128 GB<\/p>\n<p data-mrf-recirculation=\"Article links\">MicroSD de hasta 1 TB<\/p>\n<\/td>\n<\/tr>\n<tr>\n<th class=\"align-left\">\n<p data-mrf-recirculation=\"Article links\">C\u00c1MARA TRASERA<\/p>\n<\/th>\n<td class=\"align-left\">\n<p data-mrf-recirculation=\"Article links\">8 MP<\/p>\n<\/td>\n<\/tr>\n<tr>\n<th class=\"align-left\">\n<p data-mrf-recirculation=\"Article links\">C\u00c1MARA DELANTERA<\/p>\n<\/th>\n<td class=\"align-left\">\n<p data-mrf-recirculation=\"Article links\">5 MP<\/p>\n<\/td>\n<\/tr>\n<tr>\n<th class=\"align-left\">\n<p data-mrf-recirculation=\"Article links\">BATER\u00cdA<\/p>\n<\/th>\n<td class=\"align-left\">\n<p data-mrf-recirculation=\"Article links\">7.040 mAH<\/p>\n<p data-mrf-recirculation=\"Article links\">Carga r\u00e1pida de 15W<\/p>\n<\/td>\n<\/tr>\n<tr>\n<th class=\"align-left\">\n<p data-mrf-recirculation=\"Article links\">SISTEMA OPERATIVO<\/p>\n<\/th>\n<td class=\"align-left\">\n<p data-mrf-recirculation=\"Article links\">Android 11 con One UI<\/p>\n<\/td>\n<\/tr>\n<tr>\n<th class=\"align-left\">\n<p data-mrf-recirculation=\"Article links\">CONECTIVIDAD<\/p>\n<\/th>\n<td class=\"align-left\">\n<p data-mrf-recirculation=\"Article links\">LTE (opcional)<\/p>\n<p data-mrf-recirculation=\"Article links\">WiFi 5<\/p>\n<p data-mrf-recirculation=\"Article links\">Bluetooth 5.0<\/p>\n<p data-mrf-recirculation=\"Article links\">USB tipo C<\/p>\n<p data-mrf-recirculation=\"Article links\">GPS, GLONASS, BeiDou, Galileo<\/p>\n<\/td>\n<\/tr>\n<tr>\n<th class=\"align-left\">\n<p data-mrf-recirculation=\"Article links\">OTROS<\/p>\n<\/th>\n<td class=\"align-left\">\n<p data-mrf-recirculation=\"Article links\">Jack de 3,5 mm<\/p>\n<p data-mrf-recirculation=\"Article links\">4 x altavoces est\u00e9reo<\/p>\n<p data-mrf-recirculation=\"Article links\">Dolby Atmos<\/p>\n<p data-mrf-recirculation=\"Article links\">Reconocimento facial<\/p>\n<p data-mrf-recirculation=\"Article links\">Samsung Knox<\/p>\n<\/td>\n<\/tr>\n<\/tbody>\n<\/table>\n","protected":false},"excerpt":{"rendered":"<p>DIMENSIONES Y PESO 246,8 x 161,9 x 6,9 mm 508 gramos PANTALLA TFT de 10,5 pulgadas Resoluci\u00f3n WUXGA (1.920 x 1.200 p\u00edxeles) PROCESADOR Octa-core, 2 GHz MEMORIA RAM 3\/4 GB ALMACENAMIENTO INTERNO 32\/64\/128 GB MicroSD de hasta 1 TB C\u00c1MARA TRASERA 8 MP C\u00c1MARA DELANTERA 5 MP BATER\u00cdA 7.040 mAH Carga r\u00e1pida de 15W SISTEMA [&hellip;]<\/p>\n","protected":false},"featured_media":3547,"comment_status":"open","ping_status":"closed","template":"","meta":{"content-type":""},"product_cat":[110],"product_tag":[],"_links":{"self":[{"href":"https:\/\/shop.gamemovs.com\/index.php\/wp-json\/wp\/v2\/product\/3546"}],"collection":[{"href":"https:\/\/shop.gamemovs.com\/index.php\/wp-json\/wp\/v2\/product"}],"about":[{"href":"https:\/\/shop.gamemovs.com\/index.php\/wp-json\/wp\/v2\/types\/product"}],"replies":[{"embeddable":true,"href":"https:\/\/shop.gamemovs.com\/index.php\/wp-json\/wp\/v2\/comments?post=3546"}],"version-history":[{"count":1,"href":"https:\/\/shop.gamemovs.com\/index.php\/wp-json\/wp\/v2\/product\/3546\/revisions"}],"predecessor-version":[{"id":3548,"href":"https:\/\/shop.gamemovs.com\/index.php\/wp-json\/wp\/v2\/product\/3546\/revisions\/3548"}],"wp:featuredmedia":[{"embeddable":true,"href":"https:\/\/shop.gamemovs.com\/index.php\/wp-json\/wp\/v2\/media\/3547"}],"wp:attachment":[{"href":"https:\/\/shop.gamemovs.com\/index.php\/wp-json\/wp\/v2\/media?parent=3546"}],"wp:term":[{"taxonomy":"product_cat","embeddable":true,"href":"https:\/\/shop.gamemovs.com\/index.php\/wp-json\/wp\/v2\/product_cat?post=3546"},{"taxonomy":"product_tag","embeddable":true,"href":"https:\/\/shop.gamemovs.com\/index.php\/wp-json\/wp\/v2\/product_tag?post=3546"}],"curies":[{"name":"wp","href":"https:\/\/api.w.org\/{rel}","templated":true}]}}