{"id":3543,"date":"2023-07-17T22:42:07","date_gmt":"2023-07-17T22:42:07","guid":{"rendered":"https:\/\/shop.gamemovs.com\/?post_type=product&#038;p=3543"},"modified":"2023-07-18T19:14:48","modified_gmt":"2023-07-18T19:14:48","slug":"samsung-galaxy-z-flip-4-256gb","status":"publish","type":"product","link":"https:\/\/shop.gamemovs.com\/index.php\/product\/samsung-galaxy-z-flip-4-256gb\/","title":{"rendered":"Samsung Galaxy Z flip 4 256gb"},"content":{"rendered":"<table class=\"tabla-datos\">\n<tbody>\n<tr>\n<th class=\"align-left\">\n<p data-mrf-recirculation=\"Article links\">PANTALLA INTERIOR<\/p>\n<\/th>\n<td class=\"align-left\">\n<p data-mrf-recirculation=\"Article links\">Dynamic AMOLED 2X Infinity Flex Display de 6,7 pulgadas Full HD+ (2640 x 1080 puntos) y 120 Hz<\/p>\n<\/td>\n<\/tr>\n<tr>\n<th class=\"align-left\">\n<p data-mrf-recirculation=\"Article links\">PANTALLA EXTERIOR<\/p>\n<\/th>\n<td class=\"align-left\">\n<p data-mrf-recirculation=\"Article links\">Super AMOLED de 1,9 pulgadas (260 x 512 puntos) y 302 ppp<\/p>\n<\/td>\n<\/tr>\n<tr>\n<th class=\"align-left\">\n<p data-mrf-recirculation=\"Article links\">PROCESADOR<\/p>\n<\/th>\n<td class=\"align-left\">\n<p data-mrf-recirculation=\"Article links\">Snapdragon 8+ Gen 1<\/p>\n<\/td>\n<\/tr>\n<tr>\n<th class=\"align-left\">\n<p data-mrf-recirculation=\"Article links\">MEMORIA PRINCIPAL<\/p>\n<\/th>\n<td class=\"align-left\">\n<p data-mrf-recirculation=\"Article links\">8 GB<\/p>\n<\/td>\n<\/tr>\n<tr>\n<th class=\"align-left\">\n<p data-mrf-recirculation=\"Article links\">ALMACENAMIENTO<\/p>\n<\/th>\n<td class=\"align-left\">\n<p data-mrf-recirculation=\"Article links\">128, 256 o 512 GB UFS 3.1<\/p>\n<\/td>\n<\/tr>\n<tr>\n<th class=\"align-left\">\n<p data-mrf-recirculation=\"Article links\">C\u00c1MARA FRONTAL<\/p>\n<\/th>\n<td class=\"align-left\">\n<p data-mrf-recirculation=\"Article links\">10 megap\u00edxeles f\/2.4<\/p>\n<\/td>\n<\/tr>\n<tr>\n<th class=\"align-left\">\n<p data-mrf-recirculation=\"Article links\">C\u00c1MARAS TRASERAS<\/p>\n<\/th>\n<td class=\"align-left\">\n<p data-mrf-recirculation=\"Article links\">&#8211; Principal o gran angular: 12 megap\u00edxeles f\/2.4<\/p>\n<p data-mrf-recirculation=\"Article links\">&#8211; Ultra gran angular: 12 megap\u00edxeles f\/2.2<\/p>\n<\/td>\n<\/tr>\n<tr>\n<th class=\"align-left\">\n<p data-mrf-recirculation=\"Article links\">CONECTIVIDAD INAL\u00c1MBRICA<\/p>\n<\/th>\n<td class=\"align-left\">\n<p data-mrf-recirculation=\"Article links\">5G SA y NSA, Sub6 \/ mmWave<\/p>\n<p data-mrf-recirculation=\"Article links\">LTE Enhanced 4X4 MIMO<\/p>\n<\/td>\n<\/tr>\n<tr>\n<th class=\"align-left\">\n<p data-mrf-recirculation=\"Article links\">SISTEMA OPERATIVO<\/p>\n<p>\u200b<\/th>\n<td class=\"align-left\">\n<p data-mrf-recirculation=\"Article links\">Android 12 con One UI 3.2<\/p>\n<p>\u200b<\/td>\n<\/tr>\n<tr>\n<th class=\"align-left\">\n<p data-mrf-recirculation=\"Article links\">RESISTENCIA IP<\/p>\n<p>\u200b<\/th>\n<td class=\"align-left\">\n<p data-mrf-recirculation=\"Article links\">IPX8<\/p>\n<p>\u200b<\/td>\n<\/tr>\n<tr>\n<th class=\"align-left\">\n<p data-mrf-recirculation=\"Article links\">BATER\u00cdA<\/p>\n<p>\u200b<\/th>\n<td class=\"align-left\">\n<p data-mrf-recirculation=\"Article links\">3700 mAh con carga r\u00e1pida de 25W<\/p>\n<p>\u200b<\/td>\n<\/tr>\n<tr>\n<th class=\"align-left\">\n<p data-mrf-recirculation=\"Article links\">SENSORES<\/p>\n<p>\u200b<\/th>\n<td class=\"align-left\">\n<p data-mrf-recirculation=\"Article links\">Lector de huellas dactilares, aceler\u00f3metro, bar\u00f3metro, giroscopio, sensor geomagn\u00e9tico, sensor de proximidad y sensor de luminosidad<\/p>\n<p>\u200b<\/td>\n<\/tr>\n<tr>\n<th class=\"align-left\">\n<p data-mrf-recirculation=\"Article links\">DIMENSIONES<\/p>\n<p>\u200b<\/th>\n<td class=\"align-left\">\n<p data-mrf-recirculation=\"Article links\">72,2 x 86,4 x 17,1 mm (plegado)<\/p>\n<p data-mrf-recirculation=\"Article links\">72,2 x 166 x 6,9 mm (desplegado)<\/p>\n<\/td>\n<\/tr>\n<tr>\n<th class=\"align-left\">\n<p data-mrf-recirculation=\"Article links\">PESO<\/p>\n<\/th>\n<td class=\"align-left\">\n<p data-mrf-recirculation=\"Article links\">183 g<\/p>\n<\/td>\n<\/tr>\n<tr>\n<th class=\"align-left\">\n<p data-mrf-recirculation=\"Article links\">COLORES<\/p>\n<\/th>\n<td class=\"align-left\">\n<p data-mrf-recirculation=\"Article links\">Negro, dorado, rosa y azul<\/p>\n<\/td>\n<\/tr>\n<\/tbody>\n<\/table>\n","protected":false},"excerpt":{"rendered":"<p>PANTALLA INTERIOR Dynamic AMOLED 2X Infinity Flex Display de 6,7 pulgadas Full HD+ (2640 x 1080 puntos) y 120 Hz PANTALLA EXTERIOR Super AMOLED de 1,9 pulgadas (260 x 512 puntos) y 302 ppp PROCESADOR Snapdragon 8+ Gen 1 MEMORIA PRINCIPAL 8 GB ALMACENAMIENTO 128, 256 o 512 GB UFS 3.1 C\u00c1MARA FRONTAL 10 megap\u00edxeles [&hellip;]<\/p>\n","protected":false},"featured_media":3544,"comment_status":"open","ping_status":"closed","template":"","meta":{"content-type":""},"product_cat":[100,101],"product_tag":[],"_links":{"self":[{"href":"https:\/\/shop.gamemovs.com\/index.php\/wp-json\/wp\/v2\/product\/3543"}],"collection":[{"href":"https:\/\/shop.gamemovs.com\/index.php\/wp-json\/wp\/v2\/product"}],"about":[{"href":"https:\/\/shop.gamemovs.com\/index.php\/wp-json\/wp\/v2\/types\/product"}],"replies":[{"embeddable":true,"href":"https:\/\/shop.gamemovs.com\/index.php\/wp-json\/wp\/v2\/comments?post=3543"}],"version-history":[{"count":1,"href":"https:\/\/shop.gamemovs.com\/index.php\/wp-json\/wp\/v2\/product\/3543\/revisions"}],"predecessor-version":[{"id":3545,"href":"https:\/\/shop.gamemovs.com\/index.php\/wp-json\/wp\/v2\/product\/3543\/revisions\/3545"}],"wp:featuredmedia":[{"embeddable":true,"href":"https:\/\/shop.gamemovs.com\/index.php\/wp-json\/wp\/v2\/media\/3544"}],"wp:attachment":[{"href":"https:\/\/shop.gamemovs.com\/index.php\/wp-json\/wp\/v2\/media?parent=3543"}],"wp:term":[{"taxonomy":"product_cat","embeddable":true,"href":"https:\/\/shop.gamemovs.com\/index.php\/wp-json\/wp\/v2\/product_cat?post=3543"},{"taxonomy":"product_tag","embeddable":true,"href":"https:\/\/shop.gamemovs.com\/index.php\/wp-json\/wp\/v2\/product_tag?post=3543"}],"curies":[{"name":"wp","href":"https:\/\/api.w.org\/{rel}","templated":true}]}}