{"id":3537,"date":"2023-07-11T00:00:36","date_gmt":"2023-07-11T00:00:36","guid":{"rendered":"https:\/\/shop.gamemovs.com\/?post_type=product&#038;p=3537"},"modified":"2023-09-14T17:10:59","modified_gmt":"2023-09-14T17:10:59","slug":"xiaomi-12-256gb-12-ram","status":"publish","type":"product","link":"https:\/\/shop.gamemovs.com\/index.php\/product\/xiaomi-12-256gb-12-ram\/","title":{"rendered":"Xiaomi 12 256gb\/12 Ram"},"content":{"rendered":"<table class=\"tabla-datos\">\n<tbody>\n<tr>\n<th>\n<p data-mrf-recirculation=\"Article links\">PANTALLA<\/p>\n<\/th>\n<td>\n<p data-mrf-recirculation=\"Article links\">6,28&#8243; AMOLED 120 Hz<br \/>\n2.400 x 1.080 px (20:9), 419 ppp<br \/>\nDolby Vision, HDR10+, 1.100 nits<br \/>\nGorilla Glass Victus<\/p>\n<\/td>\n<\/tr>\n<tr>\n<th>\n<p data-mrf-recirculation=\"Article links\">PROCESADOR<\/p>\n<\/th>\n<td>\n<p data-mrf-recirculation=\"Article links\">Qualcomm Snapdragon 8 Gen1<br \/>\nGPU Adreno 730<\/p>\n<\/td>\n<\/tr>\n<tr>\n<th>\n<p data-mrf-recirculation=\"Article links\">MEMORIA RAM<\/p>\n<\/th>\n<td>\n<p data-mrf-recirculation=\"Article links\">8 \/ 12 GB LPDDR5<\/p>\n<\/td>\n<\/tr>\n<tr>\n<th>\n<p data-mrf-recirculation=\"Article links\">ALMACENAMIENTO<\/p>\n<\/th>\n<td>\n<p data-mrf-recirculation=\"Article links\">128 \/ 256 GB UFS 3.1<\/p>\n<\/td>\n<\/tr>\n<tr>\n<th>\n<p data-mrf-recirculation=\"Article links\">BATER\u00cdA<\/p>\n<\/th>\n<td>\n<p data-mrf-recirculation=\"Article links\">4.500 mAh<br \/>\nCarga r\u00e1pida 67W<br \/>\nCarga inal\u00e1mbrica 50W<br \/>\nCarga reversible 10W<\/p>\n<\/td>\n<\/tr>\n<tr>\n<th>\n<p data-mrf-recirculation=\"Article links\">C\u00c1MARAS TRASERAS<\/p>\n<\/th>\n<td>\n<p data-mrf-recirculation=\"Article links\">Principal: 50MP, f\/1.88, 26mm, OIS<br \/>\nGran angular: 13MP, f\/2.4, 123\u00ba, 12 mm<br \/>\nTelefoto-macro: 5MP, OIS, zoom 5x<\/p>\n<\/td>\n<\/tr>\n<tr>\n<th>\n<p data-mrf-recirculation=\"Article links\">C\u00c1MARA FRONTAL<\/p>\n<\/th>\n<td>\n<p data-mrf-recirculation=\"Article links\">20MP, f\/2.2<\/p>\n<\/td>\n<\/tr>\n<tr>\n<th>\n<p data-mrf-recirculation=\"Article links\">SISTEMA OPERATIVO<\/p>\n<\/th>\n<td>\n<p data-mrf-recirculation=\"Article links\">Android 12<br \/>\nMIUI 13<\/p>\n<\/td>\n<\/tr>\n<tr>\n<th>\n<p data-mrf-recirculation=\"Article links\">DIMENSIONES Y PESO<\/p>\n<\/th>\n<td>\n<p data-mrf-recirculation=\"Article links\">152,7 x 69,9 x 8,16 mm<br \/>\n180 g<\/p>\n<\/td>\n<\/tr>\n<tr>\n<th>\n<p data-mrf-recirculation=\"Article links\">CONECTIVIDAD<\/p>\n<\/th>\n<td>\n<p data-mrf-recirculation=\"Article links\">WiFi 6\/6E, Bluetooth 5.2, NFC, 5G<\/p>\n<\/td>\n<\/tr>\n<tr>\n<th>\n<p data-mrf-recirculation=\"Article links\">OTROS<\/p>\n<\/th>\n<td>\n<p data-mrf-recirculation=\"Article links\">Lector de huellas bajo pantalla, USB tipo C, Hi-Res Audio, altavoces est\u00e9reo Harman Kardon<\/p>\n<\/td>\n<\/tr>\n<\/tbody>\n<\/table>\n","protected":false},"excerpt":{"rendered":"<p>PANTALLA 6,28&#8243; AMOLED 120 Hz 2.400 x 1.080 px (20:9), 419 ppp Dolby Vision, HDR10+, 1.100 nits Gorilla Glass Victus PROCESADOR Qualcomm Snapdragon 8 Gen1 GPU Adreno 730 MEMORIA RAM 8 \/ 12 GB LPDDR5 ALMACENAMIENTO 128 \/ 256 GB UFS 3.1 BATER\u00cdA 4.500 mAh Carga r\u00e1pida 67W Carga inal\u00e1mbrica 50W Carga reversible 10W C\u00c1MARAS [&hellip;]<\/p>\n","protected":false},"featured_media":3538,"comment_status":"open","ping_status":"closed","template":"","meta":{"content-type":""},"product_cat":[100,122],"product_tag":[],"_links":{"self":[{"href":"https:\/\/shop.gamemovs.com\/index.php\/wp-json\/wp\/v2\/product\/3537"}],"collection":[{"href":"https:\/\/shop.gamemovs.com\/index.php\/wp-json\/wp\/v2\/product"}],"about":[{"href":"https:\/\/shop.gamemovs.com\/index.php\/wp-json\/wp\/v2\/types\/product"}],"replies":[{"embeddable":true,"href":"https:\/\/shop.gamemovs.com\/index.php\/wp-json\/wp\/v2\/comments?post=3537"}],"version-history":[{"count":1,"href":"https:\/\/shop.gamemovs.com\/index.php\/wp-json\/wp\/v2\/product\/3537\/revisions"}],"predecessor-version":[{"id":3539,"href":"https:\/\/shop.gamemovs.com\/index.php\/wp-json\/wp\/v2\/product\/3537\/revisions\/3539"}],"wp:featuredmedia":[{"embeddable":true,"href":"https:\/\/shop.gamemovs.com\/index.php\/wp-json\/wp\/v2\/media\/3538"}],"wp:attachment":[{"href":"https:\/\/shop.gamemovs.com\/index.php\/wp-json\/wp\/v2\/media?parent=3537"}],"wp:term":[{"taxonomy":"product_cat","embeddable":true,"href":"https:\/\/shop.gamemovs.com\/index.php\/wp-json\/wp\/v2\/product_cat?post=3537"},{"taxonomy":"product_tag","embeddable":true,"href":"https:\/\/shop.gamemovs.com\/index.php\/wp-json\/wp\/v2\/product_tag?post=3537"}],"curies":[{"name":"wp","href":"https:\/\/api.w.org\/{rel}","templated":true}]}}