{"id":3522,"date":"2023-07-10T23:42:20","date_gmt":"2023-07-10T23:42:20","guid":{"rendered":"https:\/\/shop.gamemovs.com\/?post_type=product&#038;p=3522"},"modified":"2023-09-14T17:13:07","modified_gmt":"2023-09-14T17:13:07","slug":"xioami-note-12-pro-plus-256gb-8-ram","status":"publish","type":"product","link":"https:\/\/shop.gamemovs.com\/index.php\/product\/xioami-note-12-pro-plus-256gb-8-ram\/","title":{"rendered":"Xioami Note 12 Pro Plus 256gb\/8 Ram"},"content":{"rendered":"<table class=\"tabla-datos\">\n<tbody>\n<tr>\n<td>\n<p data-mrf-recirculation=\"Article links\">DIMENSIONES Y PESO<\/p>\n<\/td>\n<td>\n<p data-mrf-recirculation=\"Article links\">162,9 x 76 x 7,9 mm<br \/>\n204 gramos<\/p>\n<\/td>\n<\/tr>\n<tr>\n<td>\n<p data-mrf-recirculation=\"Article links\">PANTALLA<\/p>\n<\/td>\n<td>\n<p data-mrf-recirculation=\"Article links\">6,67 pulgadas<br \/>\n120 Hz<br \/>\nDolby Vision, HDR10+<br \/>\n1920Hz<br \/>\nPW Dimming<br \/>\nHasta 900 nits 240 hz de refresco t\u00e1ctil<\/p>\n<\/td>\n<\/tr>\n<tr>\n<td>\n<p data-mrf-recirculation=\"Article links\">PROCESADOR<\/p>\n<\/td>\n<td>\n<p data-mrf-recirculation=\"Article links\">MediaTek Dimensity 1080<\/p>\n<\/td>\n<\/tr>\n<tr>\n<td>\n<p data-mrf-recirculation=\"Article links\">MEMORIAS<\/p>\n<\/td>\n<td>\n<p data-mrf-recirculation=\"Article links\">6\/128 GB<br \/>\n8\/256 GB<\/p>\n<\/td>\n<\/tr>\n<tr>\n<td>\n<p data-mrf-recirculation=\"Article links\">C\u00c1MARA TRASERA<\/p>\n<\/td>\n<td>\n<p data-mrf-recirculation=\"Article links\">Principal: 200 megap\u00edxeles f\/1.65, lentes 7p, OIS<br \/>\nAngular: 8 megap\u00edxeles<br \/>\nProfundidad: 2 megap\u00edxeles<\/p>\n<\/td>\n<\/tr>\n<tr>\n<td>\n<p data-mrf-recirculation=\"Article links\">C\u00c1MARA DELANTERA<\/p>\n<\/td>\n<td>\n<p data-mrf-recirculation=\"Article links\">16 megap\u00edxeles<\/p>\n<\/td>\n<\/tr>\n<tr>\n<td>\n<p data-mrf-recirculation=\"Article links\">BATER\u00cdA<\/p>\n<\/td>\n<td>\n<p data-mrf-recirculation=\"Article links\">5.000mAh + 120W<\/p>\n<\/td>\n<\/tr>\n<tr>\n<td>\n<p data-mrf-recirculation=\"Article links\">SOFTWARE<\/p>\n<\/td>\n<td>\n<p data-mrf-recirculation=\"Article links\">Android 12<br \/>\nMIUI 13<\/p>\n<\/td>\n<\/tr>\n<tr>\n<td>\n<p data-mrf-recirculation=\"Article links\">CONECTIVIDAD<\/p>\n<\/td>\n<td>\n<p data-mrf-recirculation=\"Article links\">5G<br \/>\nWiFi 6<br \/>\nBluetooth<br \/>\nGPS<br \/>\nNFC<br \/>\nConector de auriculares<br \/>\nUSB C<\/p>\n<\/td>\n<\/tr>\n<\/tbody>\n<\/table>\n","protected":false},"excerpt":{"rendered":"<p>DIMENSIONES Y PESO 162,9 x 76 x 7,9 mm 204 gramos PANTALLA 6,67 pulgadas 120 Hz Dolby Vision, HDR10+ 1920Hz PW Dimming Hasta 900 nits 240 hz de refresco t\u00e1ctil PROCESADOR MediaTek Dimensity 1080 MEMORIAS 6\/128 GB 8\/256 GB C\u00c1MARA TRASERA Principal: 200 megap\u00edxeles f\/1.65, lentes 7p, OIS Angular: 8 megap\u00edxeles Profundidad: 2 megap\u00edxeles C\u00c1MARA [&hellip;]<\/p>\n","protected":false},"featured_media":3523,"comment_status":"open","ping_status":"closed","template":"","meta":{"content-type":""},"product_cat":[100,122],"product_tag":[],"_links":{"self":[{"href":"https:\/\/shop.gamemovs.com\/index.php\/wp-json\/wp\/v2\/product\/3522"}],"collection":[{"href":"https:\/\/shop.gamemovs.com\/index.php\/wp-json\/wp\/v2\/product"}],"about":[{"href":"https:\/\/shop.gamemovs.com\/index.php\/wp-json\/wp\/v2\/types\/product"}],"replies":[{"embeddable":true,"href":"https:\/\/shop.gamemovs.com\/index.php\/wp-json\/wp\/v2\/comments?post=3522"}],"version-history":[{"count":1,"href":"https:\/\/shop.gamemovs.com\/index.php\/wp-json\/wp\/v2\/product\/3522\/revisions"}],"predecessor-version":[{"id":3524,"href":"https:\/\/shop.gamemovs.com\/index.php\/wp-json\/wp\/v2\/product\/3522\/revisions\/3524"}],"wp:featuredmedia":[{"embeddable":true,"href":"https:\/\/shop.gamemovs.com\/index.php\/wp-json\/wp\/v2\/media\/3523"}],"wp:attachment":[{"href":"https:\/\/shop.gamemovs.com\/index.php\/wp-json\/wp\/v2\/media?parent=3522"}],"wp:term":[{"taxonomy":"product_cat","embeddable":true,"href":"https:\/\/shop.gamemovs.com\/index.php\/wp-json\/wp\/v2\/product_cat?post=3522"},{"taxonomy":"product_tag","embeddable":true,"href":"https:\/\/shop.gamemovs.com\/index.php\/wp-json\/wp\/v2\/product_tag?post=3522"}],"curies":[{"name":"wp","href":"https:\/\/api.w.org\/{rel}","templated":true}]}}