{"id":3506,"date":"2023-07-10T23:24:32","date_gmt":"2023-07-10T23:24:32","guid":{"rendered":"https:\/\/shop.gamemovs.com\/?post_type=product&#038;p=3506"},"modified":"2023-09-14T17:14:53","modified_gmt":"2023-09-14T17:14:53","slug":"xiaomi-redmi-9a-32gb","status":"publish","type":"product","link":"https:\/\/shop.gamemovs.com\/index.php\/product\/xiaomi-redmi-9a-32gb\/","title":{"rendered":"Xiaomi Redmi 9A 32gb"},"content":{"rendered":"<table class=\"tabla-datos\">\n<tbody>\n<tr>\n<th>\n<p data-mrf-recirculation=\"Article links\">PANTALLA<\/p>\n<\/th>\n<td>\n<p data-mrf-recirculation=\"Article links\">LCD 6,53&#8243;<br \/>\nHD+<\/p>\n<\/td>\n<td>\n<p data-mrf-recirculation=\"Article links\">\n<\/td>\n<\/tr>\n<tr>\n<th>\n<p data-mrf-recirculation=\"Article links\">DIMENSIONES Y PESO<\/p>\n<\/th>\n<td>\n<p data-mrf-recirculation=\"Article links\">&#8211;<\/p>\n<\/td>\n<td>\n<p data-mrf-recirculation=\"Article links\">\n<\/td>\n<\/tr>\n<tr>\n<th>\n<p data-mrf-recirculation=\"Article links\">PROCESADOR<\/p>\n<\/th>\n<td>\n<p data-mrf-recirculation=\"Article links\">MediaTek Helio G25<\/p>\n<\/td>\n<td>\n<p data-mrf-recirculation=\"Article links\">\n<\/td>\n<\/tr>\n<tr>\n<th>\n<p data-mrf-recirculation=\"Article links\">RAM<\/p>\n<\/th>\n<td>\n<p data-mrf-recirculation=\"Article links\">2 GB<\/p>\n<\/td>\n<td>\n<p data-mrf-recirculation=\"Article links\">\n<\/td>\n<\/tr>\n<tr>\n<th>\n<p data-mrf-recirculation=\"Article links\">ALMACENAMIENTO<\/p>\n<\/th>\n<td>\n<p data-mrf-recirculation=\"Article links\">32 GB<br \/>\nMicroSD<\/p>\n<\/td>\n<td>\n<p data-mrf-recirculation=\"Article links\">\n<\/td>\n<\/tr>\n<tr>\n<th>\n<p data-mrf-recirculation=\"Article links\">C\u00c1MARA FRONTAL<\/p>\n<\/th>\n<td>\n<p data-mrf-recirculation=\"Article links\">5 MP<\/p>\n<\/td>\n<td>\n<p data-mrf-recirculation=\"Article links\">\n<\/td>\n<\/tr>\n<tr>\n<th>\n<p data-mrf-recirculation=\"Article links\">C\u00c1MARA TRASERA<\/p>\n<\/th>\n<td>\n<p data-mrf-recirculation=\"Article links\">13 MP<\/p>\n<\/td>\n<td>\n<p data-mrf-recirculation=\"Article links\">\n<\/td>\n<\/tr>\n<tr>\n<th>\n<p data-mrf-recirculation=\"Article links\">BATER\u00cdA<\/p>\n<\/th>\n<td>\n<p data-mrf-recirculation=\"Article links\">5.000 mAh<\/p>\n<\/td>\n<td>\n<p data-mrf-recirculation=\"Article links\">\n<\/td>\n<\/tr>\n<tr>\n<th>\n<p data-mrf-recirculation=\"Article links\">SISTEMA OPERATIVO<\/p>\n<\/th>\n<td>\n<p data-mrf-recirculation=\"Article links\">Android<\/p>\n<\/td>\n<td>\n<p data-mrf-recirculation=\"Article links\">\n<\/td>\n<\/tr>\n<tr>\n<th>\n<p data-mrf-recirculation=\"Article links\">CONECTIVIDAD<\/p>\n<\/th>\n<td>\n<p data-mrf-recirculation=\"Article links\">4G<br \/>\nWi-Fi<br \/>\nBluetooth<\/p>\n<\/td>\n<td>\n<p data-mrf-recirculation=\"Article links\">\n<\/td>\n<\/tr>\n<tr>\n<th>\n<p data-mrf-recirculation=\"Article links\">OTROS<\/p>\n<\/th>\n<td>\n<p data-mrf-recirculation=\"Article links\">&#8211;<\/p>\n<\/td>\n<td><\/td>\n<\/tr>\n<\/tbody>\n<\/table>\n","protected":false},"excerpt":{"rendered":"<p>PANTALLA LCD 6,53&#8243; HD+ DIMENSIONES Y PESO &#8211; PROCESADOR MediaTek Helio G25 RAM 2 GB ALMACENAMIENTO 32 GB MicroSD C\u00c1MARA FRONTAL 5 MP C\u00c1MARA TRASERA 13 MP BATER\u00cdA 5.000 mAh SISTEMA OPERATIVO Android CONECTIVIDAD 4G Wi-Fi Bluetooth OTROS &#8211;<\/p>\n","protected":false},"featured_media":3507,"comment_status":"open","ping_status":"closed","template":"","meta":{"content-type":""},"product_cat":[100,122],"product_tag":[],"_links":{"self":[{"href":"https:\/\/shop.gamemovs.com\/index.php\/wp-json\/wp\/v2\/product\/3506"}],"collection":[{"href":"https:\/\/shop.gamemovs.com\/index.php\/wp-json\/wp\/v2\/product"}],"about":[{"href":"https:\/\/shop.gamemovs.com\/index.php\/wp-json\/wp\/v2\/types\/product"}],"replies":[{"embeddable":true,"href":"https:\/\/shop.gamemovs.com\/index.php\/wp-json\/wp\/v2\/comments?post=3506"}],"version-history":[{"count":1,"href":"https:\/\/shop.gamemovs.com\/index.php\/wp-json\/wp\/v2\/product\/3506\/revisions"}],"predecessor-version":[{"id":3508,"href":"https:\/\/shop.gamemovs.com\/index.php\/wp-json\/wp\/v2\/product\/3506\/revisions\/3508"}],"wp:featuredmedia":[{"embeddable":true,"href":"https:\/\/shop.gamemovs.com\/index.php\/wp-json\/wp\/v2\/media\/3507"}],"wp:attachment":[{"href":"https:\/\/shop.gamemovs.com\/index.php\/wp-json\/wp\/v2\/media?parent=3506"}],"wp:term":[{"taxonomy":"product_cat","embeddable":true,"href":"https:\/\/shop.gamemovs.com\/index.php\/wp-json\/wp\/v2\/product_cat?post=3506"},{"taxonomy":"product_tag","embeddable":true,"href":"https:\/\/shop.gamemovs.com\/index.php\/wp-json\/wp\/v2\/product_tag?post=3506"}],"curies":[{"name":"wp","href":"https:\/\/api.w.org\/{rel}","templated":true}]}}