{"id":3499,"date":"2023-07-10T23:16:25","date_gmt":"2023-07-10T23:16:25","guid":{"rendered":"https:\/\/shop.gamemovs.com\/?post_type=product&#038;p=3499"},"modified":"2023-09-14T17:15:16","modified_gmt":"2023-09-14T17:15:16","slug":"xiaomi-redmi-k40-128gb-12-ram","status":"publish","type":"product","link":"https:\/\/shop.gamemovs.com\/index.php\/product\/xiaomi-redmi-k40-128gb-12-ram\/","title":{"rendered":"Xiaomi Redmi K40 128gb\/12 Ram"},"content":{"rendered":"<table class=\"tabla-datos\">\n<tbody>\n<tr>\n<th>PANTALLA<\/th>\n<td>AMOLED de 6.67 pulgadas<br \/>\nResoluci\u00f3n FullHD+, 2400 x 1080 pixeles<br \/>\nTasa de refresco de 120 Hz<br \/>\nTasa de muestreo t\u00e1ctil de 480 Hz<br \/>\nCertificaci\u00f3n HDR10+<br \/>\nCobertura de gama de colores DCI-P3<br \/>\nAgujero en pantalla<br \/>\nProtecci\u00f3n Gorilla Glass 5<\/td>\n<\/tr>\n<tr>\n<th>CHIPSET<\/th>\n<td>MediaTek Dimensity 1200<\/td>\n<\/tr>\n<tr>\n<th>MEMORIA RAM<\/th>\n<td>6\/8\/12 GB<\/td>\n<\/tr>\n<tr>\n<th>ALMACENAMIENTO<\/th>\n<td>128\/256 GB<\/td>\n<\/tr>\n<tr>\n<th>SISTEMA OPERATIVO<\/th>\n<td>Android 11 con capa MIUI 12.5<\/td>\n<\/tr>\n<tr>\n<th>C\u00c1MARAS TRASERAS<\/th>\n<td>Triple: 64 megapixeles f\/1.65 principal<br \/>\n8 megapixeles ultra gran angular con campo de visi\u00f3n de 120\u00b0<br \/>\n2 megapixeles macro<br \/>\nFlash en forma de rayo<\/td>\n<\/tr>\n<tr>\n<th>C\u00c1MARA FRONTAL<\/th>\n<td>16 megapixeles<\/td>\n<\/tr>\n<tr>\n<th>BATER\u00cdA<\/th>\n<td>5,065 mAh con carga r\u00e1pida de 67W por USB Type-C<\/td>\n<\/tr>\n<tr>\n<th>OTROS<\/th>\n<td>Altavoces est\u00e9reo con sonido JBL<br \/>\nCertificaci\u00f3n de sonido Hi-Res<br \/>\nCertificaci\u00f3n Dolby Atmos<br \/>\nGatillos laterales que se esconden<br \/>\nRGB alrededor de las c\u00e1maras<br \/>\nSistema de refrigeraci\u00f3n por grafeno, grafito y c\u00e1mara de vapor<br \/>\nConectividad 5G<br \/>\nSensor de huellas lateral<br \/>\nBluetooth 5.2<br \/>\nWi-Fi 6<\/td>\n<\/tr>\n<\/tbody>\n<\/table>\n","protected":false},"excerpt":{"rendered":"<p>PANTALLA AMOLED de 6.67 pulgadas Resoluci\u00f3n FullHD+, 2400 x 1080 pixeles Tasa de refresco de 120 Hz Tasa de muestreo t\u00e1ctil de 480 Hz Certificaci\u00f3n HDR10+ Cobertura de gama de colores DCI-P3 Agujero en pantalla Protecci\u00f3n Gorilla Glass 5 CHIPSET MediaTek Dimensity 1200 MEMORIA RAM 6\/8\/12 GB ALMACENAMIENTO 128\/256 GB SISTEMA OPERATIVO Android 11 con [&hellip;]<\/p>\n","protected":false},"featured_media":3500,"comment_status":"open","ping_status":"closed","template":"","meta":{"content-type":""},"product_cat":[100,122],"product_tag":[],"_links":{"self":[{"href":"https:\/\/shop.gamemovs.com\/index.php\/wp-json\/wp\/v2\/product\/3499"}],"collection":[{"href":"https:\/\/shop.gamemovs.com\/index.php\/wp-json\/wp\/v2\/product"}],"about":[{"href":"https:\/\/shop.gamemovs.com\/index.php\/wp-json\/wp\/v2\/types\/product"}],"replies":[{"embeddable":true,"href":"https:\/\/shop.gamemovs.com\/index.php\/wp-json\/wp\/v2\/comments?post=3499"}],"version-history":[{"count":1,"href":"https:\/\/shop.gamemovs.com\/index.php\/wp-json\/wp\/v2\/product\/3499\/revisions"}],"predecessor-version":[{"id":3501,"href":"https:\/\/shop.gamemovs.com\/index.php\/wp-json\/wp\/v2\/product\/3499\/revisions\/3501"}],"wp:featuredmedia":[{"embeddable":true,"href":"https:\/\/shop.gamemovs.com\/index.php\/wp-json\/wp\/v2\/media\/3500"}],"wp:attachment":[{"href":"https:\/\/shop.gamemovs.com\/index.php\/wp-json\/wp\/v2\/media?parent=3499"}],"wp:term":[{"taxonomy":"product_cat","embeddable":true,"href":"https:\/\/shop.gamemovs.com\/index.php\/wp-json\/wp\/v2\/product_cat?post=3499"},{"taxonomy":"product_tag","embeddable":true,"href":"https:\/\/shop.gamemovs.com\/index.php\/wp-json\/wp\/v2\/product_tag?post=3499"}],"curies":[{"name":"wp","href":"https:\/\/api.w.org\/{rel}","templated":true}]}}