{"id":3487,"date":"2023-07-10T22:59:35","date_gmt":"2023-07-10T22:59:35","guid":{"rendered":"https:\/\/shop.gamemovs.com\/?post_type=product&#038;p=3487"},"modified":"2023-09-14T17:15:58","modified_gmt":"2023-09-14T17:15:58","slug":"xioami-redmi-note-11-pro-64gb-6-ram","status":"publish","type":"product","link":"https:\/\/shop.gamemovs.com\/index.php\/product\/xioami-redmi-note-11-pro-64gb-6-ram\/","title":{"rendered":"Xioami Redmi Note 11 pro 64gb\/6 ram"},"content":{"rendered":"<table class=\"tabla-datos\">\n<tbody>\n<tr>\n<td>\n<p data-mrf-recirculation=\"Article links\">PANTALLA<\/p>\n<\/td>\n<td>\n<p data-mrf-recirculation=\"Article links\">6,67 pulgadas<br \/>\nFull HD+<br \/>\nAMOLED<br \/>\nTasa de refresco hasta 120Hz<br \/>\nFrecuencia de muestreo de 360 Hz<br \/>\nCorning Gorilla Glass 5<\/p>\n<\/td>\n<td>\n<p data-mrf-recirculation=\"Article links\">\n<\/td>\n<\/tr>\n<tr>\n<td>\n<p data-mrf-recirculation=\"Article links\">PROCESADOR<\/p>\n<\/td>\n<td>\n<p data-mrf-recirculation=\"Article links\">MediaTek Helio G96<\/p>\n<\/td>\n<td>\n<p data-mrf-recirculation=\"Article links\">\n<\/td>\n<\/tr>\n<tr>\n<td>\n<p data-mrf-recirculation=\"Article links\">MEMORIA RAM<\/p>\n<\/td>\n<td>\n<p data-mrf-recirculation=\"Article links\">6\/8 GB LPDDR4X<\/p>\n<\/td>\n<td>\n<p data-mrf-recirculation=\"Article links\">\n<\/td>\n<\/tr>\n<tr>\n<td>\n<p data-mrf-recirculation=\"Article links\">MEMORIA INTERNA<\/p>\n<\/td>\n<td>\n<p data-mrf-recirculation=\"Article links\">64\/128 GB UFS 2.2<\/p>\n<\/td>\n<td>\n<p data-mrf-recirculation=\"Article links\">\n<\/td>\n<\/tr>\n<tr>\n<td>\n<p data-mrf-recirculation=\"Article links\">BATER\u00cdA<\/p>\n<\/td>\n<td>\n<p data-mrf-recirculation=\"Article links\">5.000 mAh<br \/>\nCarga r\u00e1pida de 67 W<\/p>\n<\/td>\n<td>\n<p data-mrf-recirculation=\"Article links\">\n<\/td>\n<\/tr>\n<tr>\n<td>\n<p data-mrf-recirculation=\"Article links\">C\u00c1MARA TRASERA<\/p>\n<\/td>\n<td>\n<p data-mrf-recirculation=\"Article links\">108 megap\u00edxeles, f\/1.9<br \/>\n8 megap\u00edxeles gran angular, f\/2.2<br \/>\n2 megap\u00edxeles macro, f\/2.4<br \/>\n2 megap\u00edxeles profundidad, f\/2.4<\/p>\n<\/td>\n<td>\n<p data-mrf-recirculation=\"Article links\">\n<\/td>\n<\/tr>\n<tr>\n<td>\n<p data-mrf-recirculation=\"Article links\">C\u00c1MARA DELANTERA<\/p>\n<\/td>\n<td>\n<p data-mrf-recirculation=\"Article links\">16 megap\u00edxeles, f\/2.4<\/p>\n<\/td>\n<td>\n<p data-mrf-recirculation=\"Article links\">\n<\/td>\n<\/tr>\n<tr>\n<td>\n<p data-mrf-recirculation=\"Article links\">SISTEMA OPERATIVO<\/p>\n<\/td>\n<td>\n<p data-mrf-recirculation=\"Article links\">Android 11<br \/>\nMIUI 13<\/p>\n<\/td>\n<td>\n<p data-mrf-recirculation=\"Article links\">\n<\/td>\n<\/tr>\n<tr>\n<td>\n<p data-mrf-recirculation=\"Article links\">CONECTIVIDAD<\/p>\n<\/td>\n<td>\n<p data-mrf-recirculation=\"Article links\">4G<br \/>\nWiFi de doble banda<br \/>\nBluetooth 5.1<br \/>\nNFC<br \/>\nEmisor de infrarrojos<br \/>\nConector de auriculares<\/p>\n<\/td>\n<td>\n<p data-mrf-recirculation=\"Article links\">\n<\/td>\n<\/tr>\n<tr>\n<td>\n<p data-mrf-recirculation=\"Article links\">OTROS<\/p>\n<\/td>\n<td>\n<p data-mrf-recirculation=\"Article links\">Resistencia a las salpicaduras IP53<br \/>\nAltavoces est\u00e9reo<br \/>\nLector de huellas en el lateral<\/p>\n<\/td>\n<td>\n<p data-mrf-recirculation=\"Article links\">\n<\/td>\n<\/tr>\n<tr>\n<td>\n<p data-mrf-recirculation=\"Article links\">DIMENSIONES Y PESO<\/p>\n<\/td>\n<td>\n<p data-mrf-recirculation=\"Article links\">164,19 x 76,1 x 8,12 mm<br \/>\n202 gramos<\/p>\n<\/td>\n<td>\n<p data-mrf-recirculation=\"Article links\">\n<\/td>\n<\/tr>\n<\/tbody>\n<\/table>\n","protected":false},"excerpt":{"rendered":"<p>PANTALLA 6,67 pulgadas Full HD+ AMOLED Tasa de refresco hasta 120Hz Frecuencia de muestreo de 360 Hz Corning Gorilla Glass 5 PROCESADOR MediaTek Helio G96 MEMORIA RAM 6\/8 GB LPDDR4X MEMORIA INTERNA 64\/128 GB UFS 2.2 BATER\u00cdA 5.000 mAh Carga r\u00e1pida de 67 W C\u00c1MARA TRASERA 108 megap\u00edxeles, f\/1.9 8 megap\u00edxeles gran angular, f\/2.2 2 [&hellip;]<\/p>\n","protected":false},"featured_media":3488,"comment_status":"open","ping_status":"closed","template":"","meta":{"content-type":""},"product_cat":[100,122],"product_tag":[],"_links":{"self":[{"href":"https:\/\/shop.gamemovs.com\/index.php\/wp-json\/wp\/v2\/product\/3487"}],"collection":[{"href":"https:\/\/shop.gamemovs.com\/index.php\/wp-json\/wp\/v2\/product"}],"about":[{"href":"https:\/\/shop.gamemovs.com\/index.php\/wp-json\/wp\/v2\/types\/product"}],"replies":[{"embeddable":true,"href":"https:\/\/shop.gamemovs.com\/index.php\/wp-json\/wp\/v2\/comments?post=3487"}],"version-history":[{"count":1,"href":"https:\/\/shop.gamemovs.com\/index.php\/wp-json\/wp\/v2\/product\/3487\/revisions"}],"predecessor-version":[{"id":3489,"href":"https:\/\/shop.gamemovs.com\/index.php\/wp-json\/wp\/v2\/product\/3487\/revisions\/3489"}],"wp:featuredmedia":[{"embeddable":true,"href":"https:\/\/shop.gamemovs.com\/index.php\/wp-json\/wp\/v2\/media\/3488"}],"wp:attachment":[{"href":"https:\/\/shop.gamemovs.com\/index.php\/wp-json\/wp\/v2\/media?parent=3487"}],"wp:term":[{"taxonomy":"product_cat","embeddable":true,"href":"https:\/\/shop.gamemovs.com\/index.php\/wp-json\/wp\/v2\/product_cat?post=3487"},{"taxonomy":"product_tag","embeddable":true,"href":"https:\/\/shop.gamemovs.com\/index.php\/wp-json\/wp\/v2\/product_tag?post=3487"}],"curies":[{"name":"wp","href":"https:\/\/api.w.org\/{rel}","templated":true}]}}